{"id":6431,"date":"2023-06-20T17:22:02","date_gmt":"2023-06-20T17:22:02","guid":{"rendered":"https:\/\/www.hojasarquitectos.com\/?page_id=6431"},"modified":"2023-07-07T10:53:23","modified_gmt":"2023-07-07T10:53:23","slug":"gracias-ya-puedes-descargar-la-guia","status":"publish","type":"page","link":"https:\/\/www.hojasarquitectos.com\/index.php\/gracias-ya-puedes-descargar-la-guia\/","title":{"rendered":"Gracias! ya puedes descargar la gu\u00eda"},"content":{"rendered":"<p>[vc_row content_text_aligment=\u00bbcenter\u00bb][vc_column parallax=\u00bbcontent-moving\u00bb parallax_image=\u00bb6216&#8243; el_class=\u00bbfoto-fondo-headers\u00bb]<div class=\"eltdf-elements-holder   eltdf-one-column  eltdf-responsive-mode-768 \" ><div class=\"eltdf-eh-item   eltdf-horizontal-alignment-center  \"  data-item-class=\"eltdf-eh-custom-6275\" data-1366-1600=\"180px 0 140px 0\" data-1024-1366=\"180px 0 140px 0\" data-768-1024=\"90px 0 100px 0\" data-680-768=\"90px 0 100px 0\" data-680=\"145px 0 75px 0\">\n\t\t<div class=\"eltdf-eh-item-inner\">\n\t\t<div class=\"eltdf-eh-item-content eltdf-eh-custom-6275\" style=\"padding: 210px 0 140px 0\">\n\t\t\t<h1 class=\"eltdf-custom-font-holder  eltdf-cf-7317  \" style=\"font-family: Poppins;font-size: 48px;line-height: 60px;font-weight: 400;letter-spacing: 0.1em;text-transform: uppercase;text-align: center;color: #ffffff;margin: 0px 0px 0px 0px\" data-item-class=\"eltdf-cf-7317\" data-font-size-1366=\"50px\" data-font-size-1024=\"50px\" data-font-size-768=\"50px\" data-font-size-680=\"30px\" data-line-height-1366=\"60px\" data-line-height-1024=\"60px\" data-line-height-768=\"60px\" data-line-height-680=\"40px\">\n\tGracias! <\/h1>\t\t<\/div>\n\t<\/div>\n<\/div>\n\n<\/div>[\/vc_column][\/vc_row][vc_row equal_height=\u00bbyes\u00bb css=\u00bb.vc_custom_1524662316934{margin-right: 0px !important;margin-left: 0px !important;padding-top: 0px !important;padding-bottom: 0px !important;background-position: 0 0 !important;background-repeat: repeat !important;}\u00bb][vc_column css=\u00bb.vc_custom_1524662419846{padding-top: 0px !important;padding-right: 0px !important;padding-bottom: 0px !important;padding-left: 0px !important;}\u00bb offset=\u00bbvc_col-lg-12 vc_col-md-12 vc_col-xs-12&#8243;]<div class=\"eltdf-elements-holder   eltdf-one-column  eltdf-responsive-mode-768 \" ><div class=\"eltdf-eh-item  eltdf-vertical-alignment-top eltdf-horizontal-alignment-center  \"  data-item-class=\"eltdf-eh-custom-1166\">\n\t\t<div class=\"eltdf-eh-item-inner\">\n\t\t<div class=\"eltdf-eh-item-content eltdf-eh-custom-1166\" style=\"padding: 80px 0 80px 0\">\n\t\t\t<div class=\"eltdf-section-title-holder  eltdf-st-standard eltdf-st-title-left eltdf-st-normal-space \" >\n\t<div class=\"eltdf-st-inner\">\n\t\t\t\t\t<h2 class=\"eltdf-st-title\" >\n\t\t\t\tYA PUEDES DESCARGARTE LA GU\u00cdA\t\t\t<\/h2>\n\t\t\t\t\t\t\t<div class=\"eltdf-separator-holder clearfix   \">\n\t<div class=\"eltdf-separator\" style=\"margin-top: 13px;margin-bottom: -5px\"><\/div>\n<\/div>\n\t\t\t\t\t<\/div>\n<\/div>[vc_empty_space height=\u00bb60px\u00bb]<a itemprop=\"url\" href=\"https:\/\/www.hojasarquitectos.com\/wp-content\/uploads\/2023\/06\/CONSTRUCTION-PROCESS-IN-SPAIN.pdf\" target=\"_blank\"  class=\"eltdf-btn eltdf-btn-large eltdf-btn-solid eltdf-btn-custom-hover-bg eltdf-btn-custom-border-hover\" data-hover-bg-color=\"#424242\" data-hover-border-color=\"#ffffff\" >\n    <span class=\"eltdf-btn-text\">Descargar la gu\u00eda para construir en Espa\u00f1a<\/span>\n    <\/a>\t\t<\/div>\n\t<\/div>\n<\/div>\n\n<\/div>[\/vc_column][\/vc_row][vc_row css=\u00bb.vc_custom_1524658003078{margin-right: 0px !important;margin-left: 0px !important;padding-top: 0px !important;padding-bottom: 0px !important;background-position: 0 0 !important;background-repeat: repeat !important;}\u00bb][vc_column css=\u00bb.vc_custom_1686296601191{padding-top: 0px !important;padding-right: 0px !important;padding-bottom: 0px !important;padding-left: 0px !important;}\u00bb offset=\u00bbvc_col-lg-12 vc_col-md-12 vc_col-xs-12&#8243;]<div class=\"eltdf-elements-holder   eltdf-two-columns  eltdf-responsive-mode-1024 \" ><div class=\"eltdf-eh-item   eltdf-horizontal-alignment-center  eltdf-eh-item-with-overlay\" style=\"background-color: #ffffff;background-image: url(https:\/\/www.hojasarquitectos.com\/wp-content\/uploads\/2023\/05\/hojas-arquitectura-email-contacto-despacho.webp)\" data-item-class=\"eltdf-eh-custom-3180\" data-1366-1600=\"90px 180px 90px 180px\" data-1024-1366=\"90px 180px 90px 180px\" data-768-1024=\"80px 170px 180px 170px\" data-680-768=\"80px 160px 80px 160px\" data-680=\"50px 60px 50px 60px\">\n\t\t\t<div class=\"eltdf-eh-item-color-overlay\" style=\"background-color: #ffffff\"><\/div>\n\t\t<div class=\"eltdf-eh-item-inner\">\n\t\t<div class=\"eltdf-eh-item-content eltdf-eh-custom-3180\" style=\"padding: 90px 180px 90px 180px\">\n\t\t\t<div class=\"eltdf-section-title-holder  eltdf-st-standard eltdf-st-title-left eltdf-st-normal-space \" style=\"text-align: center\">\n\t<div class=\"eltdf-st-inner\">\n\t\t\t\t\t<h2 class=\"eltdf-st-title\" style=\"color: #080808\">\n\t\t\t\tPorque la experiencia si importa para nuestros clientes.\t\t\t<\/h2>\n\t\t\t\t\t\t\t<div class=\"eltdf-separator-holder clearfix   \">\n\t<div class=\"eltdf-separator\" style=\"margin-top: 13px;margin-bottom: 15px\"><\/div>\n<\/div>\n\t\t\t\t\t<\/div>\n<\/div>[vc_empty_space height=\u00bb20px\u00bb][vc_raw_html]JTVCdHJ1c3RpbmRleCUyMG5vLXJlZ2lzdHJhdGlvbiUzRGdvb2dsZSU1RA==[\/vc_raw_html]\t\t<\/div>\n\t<\/div>\n<\/div>\n\n<\/div>[\/vc_column][\/vc_row][vc_row content_placement=\u00bbmiddle\u00bb row_content_width=\u00bbgrid\u00bb css=\u00bb.vc_custom_1686222728127{padding-top: 60px !important;padding-bottom: 60px !important;}\u00bb][vc_column]<div class=\"eltdf-elements-holder   eltdf-four-columns eltdf-ehi-float eltdf-responsive-mode-768 eltdf-one-column-alignment-center\" ><div class=\"eltdf-eh-item     \"  data-item-class=\"eltdf-eh-custom-2658\" data-1366-1600=\"0 50px 0 50px\" data-1024-1366=\"0 50px 0 50px\" data-768-1024=\"0 50px 0 50px\" data-680-768=\"0 50px 0 50px\" data-680=\"0 50px 0 50px\">\n\t\t<div class=\"eltdf-eh-item-inner\">\n\t\t<div class=\"eltdf-eh-item-content eltdf-eh-custom-2658\" style=\"padding: 0 50px 0 50px\">\n\t\t\t[vc_column_text]<\/p>\n<h3><span style=\"font-size: 22px; font-weight: 300;\">VIS\u00cdTANOS<\/span><\/h3>\n<p>[\/vc_column_text][vc_empty_space height=\u00bb5px\u00bb]<div class=\"eltdf-iwt clearfix eltdf-iwt-icon-font  eltdf-iwt-icon-left eltdf-iwt-icon-medium\">\n\t<div class=\"eltdf-iwt-icon\">\n\t\t\t\t\t<a itemprop=\"url\" href=\"#mapa\" target=\"_self\">\n\t\t\t\t\t\t\t\t\t    <span class=\"eltdf-icon-shortcode eltdf-normal   eltdf-icon-medium\"  data-hover-color=\"#ee9445\" data-color=\"#000000\">\n                    <span aria-hidden=\"true\" class=\"eltdf-icon-font-elegant icon_pushpin eltdf-icon-element\" style=\"color: #000000;font-size:15px\" ><\/span>            <\/span>\n\t\t\t\t\t\t\t\t<\/a>\n\t\t\t<\/div>\n\t<div class=\"eltdf-iwt-content\" >\n\t\t\t\t\t\t\t<p class=\"eltdf-iwt-text\" style=\"margin-top: 4px\">La Cala de Mijas, M\u00e1laga<\/p>\n\t\t\t<\/div>\n\t<\/div>\t\t<\/div>\n\t<\/div>\n<\/div>\n\n<div class=\"eltdf-eh-item     \"  data-item-class=\"eltdf-eh-custom-2165\" data-1366-1600=\"0 50px 0 50px\" data-1024-1366=\"0 50px 0 50px\" data-768-1024=\"0 50px 0 50px\" data-680-768=\"0 50px 0 50px\" data-680=\"0 50px 0 50px\">\n\t\t<div class=\"eltdf-eh-item-inner\">\n\t\t<div class=\"eltdf-eh-item-content eltdf-eh-custom-2165\" style=\"padding: 0 50px 0 50px\">\n\t\t\t[vc_column_text]<\/p>\n<h3><span style=\"font-size: 22px; font-weight: 300;\">WHATSAPP<\/span><\/h3>\n<p>[\/vc_column_text][vc_empty_space height=\u00bb5px\u00bb]<div class=\"eltdf-iwt clearfix eltdf-iwt-icon-font  eltdf-iwt-icon-left eltdf-iwt-icon-medium\">\n\t<div class=\"eltdf-iwt-icon\">\n\t\t\t\t\t<a itemprop=\"url\" href=\"https:\/\/wa.me\/0034611464772\" target=\"_blank\">\n\t\t\t\t\t\t\t\t\t    <span class=\"eltdf-icon-shortcode eltdf-normal   eltdf-icon-medium\"  data-hover-color=\"#ee9445\" data-color=\"#000000\">\n                    <span aria-hidden=\"true\" class=\"eltdf-icon-font-elegant icon_phone eltdf-icon-element\" style=\"color: #000000;font-size:15px\" ><\/span>            <\/span>\n\t\t\t\t\t\t\t\t<\/a>\n\t\t\t<\/div>\n\t<div class=\"eltdf-iwt-content\" >\n\t\t\t\t\t\t\t<p class=\"eltdf-iwt-text\" style=\"margin-top: 4px\">+34 611 46 47 72<\/p>\n\t\t\t<\/div>\n\t<\/div>[vc_empty_space height=\u00bb5px\u00bb]\t\t<\/div>\n\t<\/div>\n<\/div>\n\n<div class=\"eltdf-eh-item     \"  data-item-class=\"eltdf-eh-custom-2039\" data-1366-1600=\"0 50px 0 50px\" data-1024-1366=\"0 50px 0 50px\" data-768-1024=\"0 50px 0 50px\" data-680-768=\"0 50px 0 50px\" data-680=\"0 50px 0 50px\">\n\t\t<div class=\"eltdf-eh-item-inner\">\n\t\t<div class=\"eltdf-eh-item-content eltdf-eh-custom-2039\" style=\"padding: 0 50px 0 50px\">\n\t\t\t[vc_column_text]<\/p>\n<h3><span style=\"font-size: 22px; font-weight: 300;\">EMAIL<\/span><\/h3>\n<p>[\/vc_column_text][vc_empty_space height=\u00bb5px\u00bb]<div class=\"eltdf-iwt clearfix eltdf-iwt-icon-font  eltdf-iwt-icon-left eltdf-iwt-icon-medium\">\n\t<div class=\"eltdf-iwt-icon\">\n\t\t\t\t\t<a itemprop=\"url\" href=\"mailto:estudio@hojasarquitectos.com\" target=\"_blank\">\n\t\t\t\t\t\t\t\t\t    <span class=\"eltdf-icon-shortcode eltdf-normal   eltdf-icon-medium\"  data-hover-color=\"#ee9445\" data-color=\"#000000\">\n                    <span aria-hidden=\"true\" class=\"eltdf-icon-font-elegant icon_mail_alt eltdf-icon-element\" style=\"color: #000000;font-size:15px\" ><\/span>            <\/span>\n\t\t\t\t\t\t\t\t<\/a>\n\t\t\t<\/div>\n\t<div class=\"eltdf-iwt-content\" >\n\t\t\t\t\t\t\t<p class=\"eltdf-iwt-text\" style=\"margin-top: 4px\">estudio@hojasarquitectos.com<\/p>\n\t\t\t<\/div>\n\t<\/div>[vc_empty_space height=\u00bb5px\u00bb]\t\t<\/div>\n\t<\/div>\n<\/div>\n\n<div class=\"eltdf-eh-item     \"  data-item-class=\"eltdf-eh-custom-3324\" data-1366-1600=\"0 50px 0 50px\" data-1024-1366=\"0 50px 0 50px\" data-768-1024=\"0 50px 0 50px\" data-680-768=\"0 50px 0 50px\" data-680=\"0 50px 0 50px\">\n\t\t<div class=\"eltdf-eh-item-inner\">\n\t\t<div class=\"eltdf-eh-item-content eltdf-eh-custom-3324\" style=\"padding: 0 50px 0 50px\">\n\t\t\t<a itemprop=\"url\" href=\"https:\/\/www.hojasarquitectos.com\/index.php\/presupuestos\/\" target=\"_self\"  class=\"eltdf-btn eltdf-btn-large eltdf-btn-solid eltdf-btn-custom-hover-bg eltdf-btn-custom-border-hover\" data-hover-bg-color=\"#424242\" data-hover-border-color=\"#ffffff\" >\n    <span class=\"eltdf-btn-text\">Presupuesto Online<\/span>\n    <\/a>\t\t<\/div>\n\t<\/div>\n<\/div>\n\n<\/div>[\/vc_column][\/vc_row]<\/p>\n","protected":false},"excerpt":{"rendered":"<p>[vc_row content_text_aligment=\u00bbcenter\u00bb][vc_column parallax=\u00bbcontent-moving\u00bb parallax_image=\u00bb6216&#8243; el_class=\u00bbfoto-fondo-headers\u00bb][\/vc_column][\/vc_row][vc_row equal_height=\u00bbyes\u00bb css=\u00bb.vc_custom_1524662316934{margin-right: 0px !important;margin-left: 0px !important;padding-top: 0px !important;padding-bottom: 0px !important;background-position: 0 0 !important;background-repeat: repeat !important;}\u00bb][vc_column css=\u00bb.vc_custom_1524662419846{padding-top: 0px !important;padding-right: 0px !important;padding-bottom: 0px !important;padding-left: 0px !important;}\u00bb offset=\u00bbvc_col-lg-12 vc_col-md-12 vc_col-xs-12&#8243;][\/vc_column][\/vc_row][vc_row css=\u00bb.vc_custom_1524658003078{margin-right: 0px !important;margin-left: 0px !important;padding-top: 0px !important;padding-bottom: 0px [&hellip;]<\/p>\n","protected":false},"author":2,"featured_media":6216,"parent":0,"menu_order":0,"comment_status":"closed","ping_status":"closed","template":"full-width.php","meta":{"footnotes":""},"class_list":["post-6431","page","type-page","status-publish","has-post-thumbnail","hentry"],"yoast_head":"<!-- This site is optimized with the Yoast SEO plugin v27.4 - https:\/\/yoast.com\/product\/yoast-seo-wordpress\/ -->\n<title>Gracias \u300bDescargar ahora \u300bHojas Arquitectos<\/title>\n<meta name=\"description\" content=\"Descarga la gu\u00eda para construir en Espa\u00f1a. Vis\u00edtanos o cont\u00e1ctanos por whatsapp o email. Gracias!\" \/>\n<meta name=\"robots\" content=\"index, follow, max-snippet:-1, max-image-preview:large, max-video-preview:-1\" \/>\n<link rel=\"canonical\" href=\"https:\/\/www.hojasarquitectos.com\/index.php\/gracias-ya-puedes-descargar-la-guia\/\" \/>\n<meta property=\"og:locale\" content=\"es_ES\" \/>\n<meta property=\"og:type\" content=\"article\" \/>\n<meta property=\"og:title\" content=\"Gracias \u300bDescargar ahora \u300bHojas Arquitectos\" \/>\n<meta property=\"og:description\" content=\"Descarga la gu\u00eda para construir en Espa\u00f1a. Vis\u00edtanos o cont\u00e1ctanos por whatsapp o email. Gracias!\" \/>\n<meta property=\"og:url\" content=\"https:\/\/www.hojasarquitectos.com\/index.php\/gracias-ya-puedes-descargar-la-guia\/\" \/>\n<meta property=\"og:site_name\" content=\"Hojas Arquitectos\" \/>\n<meta property=\"article:modified_time\" content=\"2023-07-07T10:53:23+00:00\" \/>\n<meta property=\"og:image\" content=\"https:\/\/www.hojasarquitectos.com\/wp-content\/uploads\/2023\/06\/hojas-arquitectura-slider-villa-sardanya-piscina.webp\" \/>\n\t<meta property=\"og:image:width\" content=\"2000\" \/>\n\t<meta property=\"og:image:height\" content=\"1146\" \/>\n\t<meta property=\"og:image:type\" content=\"image\/webp\" \/>\n<meta name=\"twitter:card\" content=\"summary_large_image\" \/>\n<meta name=\"twitter:label1\" content=\"Tiempo de lectura\" \/>\n\t<meta name=\"twitter:data1\" content=\"4 minutos\" \/>\n<script type=\"application\/ld+json\" class=\"yoast-schema-graph\">{\"@context\":\"https:\\\/\\\/schema.org\",\"@graph\":[{\"@type\":\"WebPage\",\"@id\":\"https:\\\/\\\/www.hojasarquitectos.com\\\/index.php\\\/gracias-ya-puedes-descargar-la-guia\\\/\",\"url\":\"https:\\\/\\\/www.hojasarquitectos.com\\\/index.php\\\/gracias-ya-puedes-descargar-la-guia\\\/\",\"name\":\"Gracias \u300bDescargar ahora \u300bHojas Arquitectos\",\"isPartOf\":{\"@id\":\"https:\\\/\\\/www.hojasarquitectos.com\\\/#website\"},\"primaryImageOfPage\":{\"@id\":\"https:\\\/\\\/www.hojasarquitectos.com\\\/index.php\\\/gracias-ya-puedes-descargar-la-guia\\\/#primaryimage\"},\"image\":{\"@id\":\"https:\\\/\\\/www.hojasarquitectos.com\\\/index.php\\\/gracias-ya-puedes-descargar-la-guia\\\/#primaryimage\"},\"thumbnailUrl\":\"https:\\\/\\\/www.hojasarquitectos.com\\\/wp-content\\\/uploads\\\/2023\\\/06\\\/hojas-arquitectura-slider-villa-sardanya-piscina.webp\",\"datePublished\":\"2023-06-20T17:22:02+00:00\",\"dateModified\":\"2023-07-07T10:53:23+00:00\",\"description\":\"Descarga la gu\u00eda para construir en Espa\u00f1a. Vis\u00edtanos o cont\u00e1ctanos por whatsapp o email. Gracias!\",\"breadcrumb\":{\"@id\":\"https:\\\/\\\/www.hojasarquitectos.com\\\/index.php\\\/gracias-ya-puedes-descargar-la-guia\\\/#breadcrumb\"},\"inLanguage\":\"es\",\"potentialAction\":[{\"@type\":\"ReadAction\",\"target\":[\"https:\\\/\\\/www.hojasarquitectos.com\\\/index.php\\\/gracias-ya-puedes-descargar-la-guia\\\/\"]}]},{\"@type\":\"ImageObject\",\"inLanguage\":\"es\",\"@id\":\"https:\\\/\\\/www.hojasarquitectos.com\\\/index.php\\\/gracias-ya-puedes-descargar-la-guia\\\/#primaryimage\",\"url\":\"https:\\\/\\\/www.hojasarquitectos.com\\\/wp-content\\\/uploads\\\/2023\\\/06\\\/hojas-arquitectura-slider-villa-sardanya-piscina.webp\",\"contentUrl\":\"https:\\\/\\\/www.hojasarquitectos.com\\\/wp-content\\\/uploads\\\/2023\\\/06\\\/hojas-arquitectura-slider-villa-sardanya-piscina.webp\",\"width\":2000,\"height\":1146,\"caption\":\"Villa Sardanya, dise\u00f1o de Hojas Arquitectos, La Cala de Mijas\"},{\"@type\":\"BreadcrumbList\",\"@id\":\"https:\\\/\\\/www.hojasarquitectos.com\\\/index.php\\\/gracias-ya-puedes-descargar-la-guia\\\/#breadcrumb\",\"itemListElement\":[{\"@type\":\"ListItem\",\"position\":1,\"name\":\"Portada\",\"item\":\"https:\\\/\\\/www.hojasarquitectos.com\\\/\"},{\"@type\":\"ListItem\",\"position\":2,\"name\":\"Gracias! ya puedes descargar la gu\u00eda\"}]},{\"@type\":\"WebSite\",\"@id\":\"https:\\\/\\\/www.hojasarquitectos.com\\\/#website\",\"url\":\"https:\\\/\\\/www.hojasarquitectos.com\\\/\",\"name\":\"Hojas Arquitectos\",\"description\":\"Arquitectos especialistas en Villas, construcci&oacute;n de viviendas  y reformas integrales\",\"publisher\":{\"@id\":\"https:\\\/\\\/www.hojasarquitectos.com\\\/#organization\"},\"alternateName\":\"Hojas Arquitectos\",\"potentialAction\":[{\"@type\":\"SearchAction\",\"target\":{\"@type\":\"EntryPoint\",\"urlTemplate\":\"https:\\\/\\\/www.hojasarquitectos.com\\\/?s={search_term_string}\"},\"query-input\":{\"@type\":\"PropertyValueSpecification\",\"valueRequired\":true,\"valueName\":\"search_term_string\"}}],\"inLanguage\":\"es\"},{\"@type\":\"Organization\",\"@id\":\"https:\\\/\\\/www.hojasarquitectos.com\\\/#organization\",\"name\":\"Hojas Arquitectos\",\"alternateName\":\"Estudio de Arquitectura - Hojas Arquitectos\",\"url\":\"https:\\\/\\\/www.hojasarquitectos.com\\\/\",\"logo\":{\"@type\":\"ImageObject\",\"inLanguage\":\"es\",\"@id\":\"https:\\\/\\\/www.hojasarquitectos.com\\\/#\\\/schema\\\/logo\\\/image\\\/\",\"url\":\"https:\\\/\\\/www.hojasarquitectos.com\\\/wp-content\\\/uploads\\\/2023\\\/07\\\/hojas-logo-negro-resplandor.png\",\"contentUrl\":\"https:\\\/\\\/www.hojasarquitectos.com\\\/wp-content\\\/uploads\\\/2023\\\/07\\\/hojas-logo-negro-resplandor.png\",\"width\":604,\"height\":400,\"caption\":\"Hojas Arquitectos\"},\"image\":{\"@id\":\"https:\\\/\\\/www.hojasarquitectos.com\\\/#\\\/schema\\\/logo\\\/image\\\/\"},\"sameAs\":[\"https:\\\/\\\/www.linkedin.com\\\/company\\\/hojas-arquitectos\\\/about\\\/\",\"https:\\\/\\\/www.instagram.com\\\/hojas_arquitectos\\\/\"]}]}<\/script>\n<!-- \/ Yoast SEO plugin. -->","yoast_head_json":{"title":"Gracias \u300bDescargar ahora \u300bHojas Arquitectos","description":"Descarga la gu\u00eda para construir en Espa\u00f1a. Vis\u00edtanos o cont\u00e1ctanos por whatsapp o email. Gracias!","robots":{"index":"index","follow":"follow","max-snippet":"max-snippet:-1","max-image-preview":"max-image-preview:large","max-video-preview":"max-video-preview:-1"},"canonical":"https:\/\/www.hojasarquitectos.com\/index.php\/gracias-ya-puedes-descargar-la-guia\/","og_locale":"es_ES","og_type":"article","og_title":"Gracias \u300bDescargar ahora \u300bHojas Arquitectos","og_description":"Descarga la gu\u00eda para construir en Espa\u00f1a. Vis\u00edtanos o cont\u00e1ctanos por whatsapp o email. Gracias!","og_url":"https:\/\/www.hojasarquitectos.com\/index.php\/gracias-ya-puedes-descargar-la-guia\/","og_site_name":"Hojas Arquitectos","article_modified_time":"2023-07-07T10:53:23+00:00","og_image":[{"width":2000,"height":1146,"url":"https:\/\/www.hojasarquitectos.com\/wp-content\/uploads\/2023\/06\/hojas-arquitectura-slider-villa-sardanya-piscina.webp","type":"image\/webp"}],"twitter_card":"summary_large_image","twitter_misc":{"Tiempo de lectura":"4 minutos"},"schema":{"@context":"https:\/\/schema.org","@graph":[{"@type":"WebPage","@id":"https:\/\/www.hojasarquitectos.com\/index.php\/gracias-ya-puedes-descargar-la-guia\/","url":"https:\/\/www.hojasarquitectos.com\/index.php\/gracias-ya-puedes-descargar-la-guia\/","name":"Gracias \u300bDescargar ahora \u300bHojas Arquitectos","isPartOf":{"@id":"https:\/\/www.hojasarquitectos.com\/#website"},"primaryImageOfPage":{"@id":"https:\/\/www.hojasarquitectos.com\/index.php\/gracias-ya-puedes-descargar-la-guia\/#primaryimage"},"image":{"@id":"https:\/\/www.hojasarquitectos.com\/index.php\/gracias-ya-puedes-descargar-la-guia\/#primaryimage"},"thumbnailUrl":"https:\/\/www.hojasarquitectos.com\/wp-content\/uploads\/2023\/06\/hojas-arquitectura-slider-villa-sardanya-piscina.webp","datePublished":"2023-06-20T17:22:02+00:00","dateModified":"2023-07-07T10:53:23+00:00","description":"Descarga la gu\u00eda para construir en Espa\u00f1a. Vis\u00edtanos o cont\u00e1ctanos por whatsapp o email. Gracias!","breadcrumb":{"@id":"https:\/\/www.hojasarquitectos.com\/index.php\/gracias-ya-puedes-descargar-la-guia\/#breadcrumb"},"inLanguage":"es","potentialAction":[{"@type":"ReadAction","target":["https:\/\/www.hojasarquitectos.com\/index.php\/gracias-ya-puedes-descargar-la-guia\/"]}]},{"@type":"ImageObject","inLanguage":"es","@id":"https:\/\/www.hojasarquitectos.com\/index.php\/gracias-ya-puedes-descargar-la-guia\/#primaryimage","url":"https:\/\/www.hojasarquitectos.com\/wp-content\/uploads\/2023\/06\/hojas-arquitectura-slider-villa-sardanya-piscina.webp","contentUrl":"https:\/\/www.hojasarquitectos.com\/wp-content\/uploads\/2023\/06\/hojas-arquitectura-slider-villa-sardanya-piscina.webp","width":2000,"height":1146,"caption":"Villa Sardanya, dise\u00f1o de Hojas Arquitectos, La Cala de Mijas"},{"@type":"BreadcrumbList","@id":"https:\/\/www.hojasarquitectos.com\/index.php\/gracias-ya-puedes-descargar-la-guia\/#breadcrumb","itemListElement":[{"@type":"ListItem","position":1,"name":"Portada","item":"https:\/\/www.hojasarquitectos.com\/"},{"@type":"ListItem","position":2,"name":"Gracias! ya puedes descargar la gu\u00eda"}]},{"@type":"WebSite","@id":"https:\/\/www.hojasarquitectos.com\/#website","url":"https:\/\/www.hojasarquitectos.com\/","name":"Hojas Arquitectos","description":"Arquitectos especialistas en Villas, construcci&oacute;n de viviendas  y reformas integrales","publisher":{"@id":"https:\/\/www.hojasarquitectos.com\/#organization"},"alternateName":"Hojas Arquitectos","potentialAction":[{"@type":"SearchAction","target":{"@type":"EntryPoint","urlTemplate":"https:\/\/www.hojasarquitectos.com\/?s={search_term_string}"},"query-input":{"@type":"PropertyValueSpecification","valueRequired":true,"valueName":"search_term_string"}}],"inLanguage":"es"},{"@type":"Organization","@id":"https:\/\/www.hojasarquitectos.com\/#organization","name":"Hojas Arquitectos","alternateName":"Estudio de Arquitectura - Hojas Arquitectos","url":"https:\/\/www.hojasarquitectos.com\/","logo":{"@type":"ImageObject","inLanguage":"es","@id":"https:\/\/www.hojasarquitectos.com\/#\/schema\/logo\/image\/","url":"https:\/\/www.hojasarquitectos.com\/wp-content\/uploads\/2023\/07\/hojas-logo-negro-resplandor.png","contentUrl":"https:\/\/www.hojasarquitectos.com\/wp-content\/uploads\/2023\/07\/hojas-logo-negro-resplandor.png","width":604,"height":400,"caption":"Hojas Arquitectos"},"image":{"@id":"https:\/\/www.hojasarquitectos.com\/#\/schema\/logo\/image\/"},"sameAs":["https:\/\/www.linkedin.com\/company\/hojas-arquitectos\/about\/","https:\/\/www.instagram.com\/hojas_arquitectos\/"]}]}},"_links":{"self":[{"href":"https:\/\/www.hojasarquitectos.com\/index.php\/wp-json\/wp\/v2\/pages\/6431","targetHints":{"allow":["GET"]}}],"collection":[{"href":"https:\/\/www.hojasarquitectos.com\/index.php\/wp-json\/wp\/v2\/pages"}],"about":[{"href":"https:\/\/www.hojasarquitectos.com\/index.php\/wp-json\/wp\/v2\/types\/page"}],"author":[{"embeddable":true,"href":"https:\/\/www.hojasarquitectos.com\/index.php\/wp-json\/wp\/v2\/users\/2"}],"replies":[{"embeddable":true,"href":"https:\/\/www.hojasarquitectos.com\/index.php\/wp-json\/wp\/v2\/comments?post=6431"}],"version-history":[{"count":4,"href":"https:\/\/www.hojasarquitectos.com\/index.php\/wp-json\/wp\/v2\/pages\/6431\/revisions"}],"predecessor-version":[{"id":6437,"href":"https:\/\/www.hojasarquitectos.com\/index.php\/wp-json\/wp\/v2\/pages\/6431\/revisions\/6437"}],"wp:featuredmedia":[{"embeddable":true,"href":"https:\/\/www.hojasarquitectos.com\/index.php\/wp-json\/wp\/v2\/media\/6216"}],"wp:attachment":[{"href":"https:\/\/www.hojasarquitectos.com\/index.php\/wp-json\/wp\/v2\/media?parent=6431"}],"curies":[{"name":"wp","href":"https:\/\/api.w.org\/{rel}","templated":true}]}}