{"id":2370,"date":"2018-04-18T13:01:22","date_gmt":"2018-04-18T13:01:22","guid":{"rendered":"http:\/\/allston.elated-themes.com\/?page_id=2370"},"modified":"2024-03-12T16:08:32","modified_gmt":"2024-03-12T16:08:32","slug":"blog","status":"publish","type":"page","link":"https:\/\/www.hojasarquitectos.com\/index.php\/blog\/","title":{"rendered":"Blog"},"content":{"rendered":"<p>[vc_row full_width=\u00bbstretch_row\u00bb css=\u00bb.vc_custom_1689349950640{padding-top: 40px !important;padding-bottom: 40px !important;}\u00bb][vc_column]<div class=\"eltdf-elements-holder   eltdf-one-column  eltdf-responsive-mode-1024 eltdf-one-column-alignment-center\" ><div class=\"eltdf-eh-item  eltdf-vertical-alignment-top eltdf-horizontal-alignment-center  \"  data-item-class=\"eltdf-eh-custom-2949\">\n\t\t<div class=\"eltdf-eh-item-inner\">\n\t\t<div class=\"eltdf-eh-item-content eltdf-eh-custom-2949\" style=\"padding: 20px 0 0px 0\">\n\t\t\t<div class=\"eltdf-section-title-holder  eltdf-st-standard eltdf-st-title-left eltdf-st-normal-space \" >\n\t<div class=\"eltdf-st-inner\">\n\t\t\t\t\t<h1 class=\"eltdf-st-title\" >\n\t\t\t\tBLOG\t\t\t<\/h1>\n\t\t\t\t\t\t\t<div class=\"eltdf-separator-holder clearfix   \">\n\t<div class=\"eltdf-separator\" style=\"margin-top: 13px;margin-bottom: -5px\"><\/div>\n<\/div>\n\t\t\t\t\t<\/div>\n<\/div>\t\t<\/div>\n\t<\/div>\n<\/div>\n\n<\/div>[\/vc_column][\/vc_row][vc_row row_content_width=\u00bbgrid\u00bb content_width=\u00bbgrid\u00bb css=\u00bb.vc_custom_1524057018766{padding-top: 70px !important;padding-bottom: 40px !important;}\u00bb][vc_column]<div class=\"eltdf-blog-list-holder eltdf-bl-standard eltdf-bl-three-columns eltdf-large-space eltdf-bl-pag-no-pagination\"  data-type=standard data-number-of-posts=-1 data-number-of-columns=3 data-space-between-items=large data-orderby=date data-order=ASC data-image-size=full data-title-tag=h2 data-excerpt-length=40 data-post-info-section=yes data-post-info-image=yes data-post-info-author=yes data-post-info-date=yes data-post-info-category=yes data-post-info-comments=no data-post-info-like=no data-post-info-share=no data-pagination-type=no-pagination data-max-num-pages=0 data-next-page=2>\n\t<div class=\"eltdf-bl-wrapper eltdf-outer-space\">\n\t\t<ul class=\"eltdf-blog-list\">\n\t\t\t<li class=\"eltdf-bl-item eltdf-item-space clearfix\">\n\t<div class=\"eltdf-bli-inner\">\n\t\t\n\t<div class=\"eltdf-post-image\">\n\t\t\t\t\t<a itemprop=\"url\" href=\"https:\/\/www.hojasarquitectos.com\/index.php\/colegio-escuela-ideo\/\" title=\"Colegio Escuela Ideo\">\n\t\t\t\t\t<img loading=\"lazy\" decoding=\"async\" width=\"2821\" height=\"1336\" src=\"https:\/\/www.hojasarquitectos.com\/wp-content\/uploads\/2020\/05\/Hall-acceso.png\" class=\"attachment-full size-full wp-post-image\" alt=\"\" srcset=\"https:\/\/www.hojasarquitectos.com\/wp-content\/uploads\/2020\/05\/Hall-acceso.png 2821w, https:\/\/www.hojasarquitectos.com\/wp-content\/uploads\/2020\/05\/Hall-acceso-600x284.png 600w, https:\/\/www.hojasarquitectos.com\/wp-content\/uploads\/2020\/05\/Hall-acceso-400x189.png 400w, https:\/\/www.hojasarquitectos.com\/wp-content\/uploads\/2020\/05\/Hall-acceso-768x364.png 768w, https:\/\/www.hojasarquitectos.com\/wp-content\/uploads\/2020\/05\/Hall-acceso-1536x727.png 1536w, https:\/\/www.hojasarquitectos.com\/wp-content\/uploads\/2020\/05\/Hall-acceso-1000x474.png 1000w, https:\/\/www.hojasarquitectos.com\/wp-content\/uploads\/2020\/05\/Hall-acceso-1500x710.png 1500w\" sizes=\"auto, (max-width: 2821px) 100vw, 2821px\" \/>\t\t\t\t\t<\/a>\n\t\t\t\t\t<\/div>\n<div itemprop=\"dateCreated\" class=\"eltdf-post-info-date-separated entry-date published updated\">\n            <a itemprop=\"url\" href=\"https:\/\/www.hojasarquitectos.com\/index.php\/2018\/00\/\">\n                        <div class=\"eltdf-post-day\">11<\/div>\n            <div class=\"eltdf-post-month\">abril<\/div>\n        <\/a>\n        <meta itemprop=\"interactionCount\" content=\"UserComments: 3\"\/>\n<\/div>        <div class=\"eltdf-bli-content\">\n                            <div class=\"eltdf-bli-info\">\n\t                \n<div class=\"eltdf-post-info-category\">\n    <a href=\"https:\/\/www.hojasarquitectos.com\/index.php\/proyectos-realizados\/\" rel=\"category tag\">Proyectos Realizados<\/a>    <!--  need to be here for space between slashes -->\n<\/div><div class=\"eltdf-post-info-author\">\n    <span class=\"eltdf-post-info-author-text\">\n        por    <\/span>\n    <a itemprop=\"author\" class=\"eltdf-post-info-author-link\" href=\"https:\/\/www.hojasarquitectos.com\/index.php\/author\/admin\/\">\n        admin    <\/a>\n<\/div>                <\/div>\n            \t\n\t        \n<h2 itemprop=\"name\" class=\"entry-title eltdf-post-title\" >\n            <a itemprop=\"url\" href=\"https:\/\/www.hojasarquitectos.com\/index.php\/colegio-escuela-ideo\/\" title=\"Colegio Escuela Ideo\">\n            Colegio Escuela Ideo            <\/a>\n    <\/h2>\t\t\t<div class=\"eltdf-separator-holder clearfix   \">\n\t<div class=\"eltdf-separator\" ><\/div>\n<\/div>\n\t\n\t        <div class=\"eltdf-bli-excerpt\">\n\t\t        \t\t<div class=\"eltdf-post-excerpt-holder\">\n\t\t\t<p itemprop=\"description\" class=\"eltdf-post-excerpt\">\n\t\t\t\tProyecto realizado por Hojas Arquitectos en colaboraci\u00f3n con el arquitecto madrile\u00f1o, Francisco de Ancos y el equipo de infograf\u00edas de Drama Estudio.\t\t\t<\/p>\n\t\t<\/div>\n\t\t\t        \t<div class=\"eltdf-post-read-more-button\">\n\t\t<a itemprop=\"url\" href=\"https:\/\/www.hojasarquitectos.com\/index.php\/colegio-escuela-ideo\/\" target=\"_self\"  class=\"eltdf-btn eltdf-btn-medium eltdf-btn-simple eltdf-btn-icon eltdf-blog-list-button\"  >    <span class=\"eltdf-btn-text\">Leer m\u00e1s<\/span>    <i class=\"eltdf-icon-ion-icon ion-ios-arrow-right \" ><\/i><\/a>\t<\/div>\n\t        <\/div>\n        <\/div>\n\t<\/div>\n<\/li><li class=\"eltdf-bl-item eltdf-item-space clearfix\">\n\t<div class=\"eltdf-bli-inner\">\n\t\t\n\t<div class=\"eltdf-post-image\">\n\t\t\t\t\t<a itemprop=\"url\" href=\"https:\/\/www.hojasarquitectos.com\/index.php\/behind-the-scenes\/\" title=\"Behind The Scenes\">\n\t\t\t\t\t<img loading=\"lazy\" decoding=\"async\" width=\"1920\" height=\"1250\" src=\"https:\/\/www.hojasarquitectos.com\/wp-content\/uploads\/2018\/04\/blog-featured-img-1.11.jpg\" class=\"attachment-full size-full wp-post-image\" alt=\"a\" srcset=\"https:\/\/www.hojasarquitectos.com\/wp-content\/uploads\/2018\/04\/blog-featured-img-1.11.jpg 1920w, https:\/\/www.hojasarquitectos.com\/wp-content\/uploads\/2018\/04\/blog-featured-img-1.11-600x391.jpg 600w, https:\/\/www.hojasarquitectos.com\/wp-content\/uploads\/2018\/04\/blog-featured-img-1.11-400x260.jpg 400w, https:\/\/www.hojasarquitectos.com\/wp-content\/uploads\/2018\/04\/blog-featured-img-1.11-768x500.jpg 768w, https:\/\/www.hojasarquitectos.com\/wp-content\/uploads\/2018\/04\/blog-featured-img-1.11-1536x1000.jpg 1536w, https:\/\/www.hojasarquitectos.com\/wp-content\/uploads\/2018\/04\/blog-featured-img-1.11-18x12.jpg 18w, https:\/\/www.hojasarquitectos.com\/wp-content\/uploads\/2018\/04\/blog-featured-img-1.11-1000x651.jpg 1000w, https:\/\/www.hojasarquitectos.com\/wp-content\/uploads\/2018\/04\/blog-featured-img-1.11-1500x977.jpg 1500w\" sizes=\"auto, (max-width: 1920px) 100vw, 1920px\" \/>\t\t\t\t\t<\/a>\n\t\t\t\t\t<\/div>\n<div itemprop=\"dateCreated\" class=\"eltdf-post-info-date-separated entry-date published updated\">\n            <a itemprop=\"url\" href=\"https:\/\/www.hojasarquitectos.com\/index.php\/2018\/00\/\">\n                        <div class=\"eltdf-post-day\">11<\/div>\n            <div class=\"eltdf-post-month\">abril<\/div>\n        <\/a>\n        <meta itemprop=\"interactionCount\" content=\"UserComments: 3\"\/>\n<\/div>        <div class=\"eltdf-bli-content\">\n                            <div class=\"eltdf-bli-info\">\n\t                \n<div class=\"eltdf-post-info-category\">\n    <a href=\"https:\/\/www.hojasarquitectos.com\/index.php\/diseno-interiores\/\" rel=\"category tag\">Dise\u00f1o de Interiores<\/a>    <!--  need to be here for space between slashes -->\n<\/div><div class=\"eltdf-post-info-author\">\n    <span class=\"eltdf-post-info-author-text\">\n        por    <\/span>\n    <a itemprop=\"author\" class=\"eltdf-post-info-author-link\" href=\"https:\/\/www.hojasarquitectos.com\/index.php\/author\/admin\/\">\n        admin    <\/a>\n<\/div>                <\/div>\n            \t\n\t        \n<h2 itemprop=\"name\" class=\"entry-title eltdf-post-title\" >\n            <a itemprop=\"url\" href=\"https:\/\/www.hojasarquitectos.com\/index.php\/behind-the-scenes\/\" title=\"Behind The Scenes\">\n            Behind The Scenes            <\/a>\n    <\/h2>\t\t\t<div class=\"eltdf-separator-holder clearfix   \">\n\t<div class=\"eltdf-separator\" ><\/div>\n<\/div>\n\t\n\t        <div class=\"eltdf-bli-excerpt\">\n\t\t        \t\t<div class=\"eltdf-post-excerpt-holder\">\n\t\t\t<p itemprop=\"description\" class=\"eltdf-post-excerpt\">\n\t\t\t\tAlienum phaedrum torquatos nec eu, vis detraxit periculis in mei. Mei an pericula euripidis, hinc partem ei est. vix aperiri consequat an. vix at, vel pertinax sensibus id, epicurei mea et. Mea facilisis urbanitas moderatius id. Vis ei rationibus definiebas,\t\t\t<\/p>\n\t\t<\/div>\n\t\t\t        \t<div class=\"eltdf-post-read-more-button\">\n\t\t<a itemprop=\"url\" href=\"https:\/\/www.hojasarquitectos.com\/index.php\/behind-the-scenes\/\" target=\"_self\"  class=\"eltdf-btn eltdf-btn-medium eltdf-btn-simple eltdf-btn-icon eltdf-blog-list-button\"  >    <span class=\"eltdf-btn-text\">Leer m\u00e1s<\/span>    <i class=\"eltdf-icon-ion-icon ion-ios-arrow-right \" ><\/i><\/a>\t<\/div>\n\t        <\/div>\n        <\/div>\n\t<\/div>\n<\/li><li class=\"eltdf-bl-item eltdf-item-space clearfix\">\n\t<div class=\"eltdf-bli-inner\">\n\t\t\n\t<div class=\"eltdf-post-image\">\n\t\t\t\t\t<a itemprop=\"url\" href=\"https:\/\/www.hojasarquitectos.com\/index.php\/best-interior-design\/\" title=\"Best Interior Design\">\n\t\t\t\t\t<img loading=\"lazy\" decoding=\"async\" width=\"1920\" height=\"1250\" src=\"https:\/\/www.hojasarquitectos.com\/wp-content\/uploads\/2018\/04\/blog-featured-img-2.1.jpg\" class=\"attachment-full size-full wp-post-image\" alt=\"a\" srcset=\"https:\/\/www.hojasarquitectos.com\/wp-content\/uploads\/2018\/04\/blog-featured-img-2.1.jpg 1920w, https:\/\/www.hojasarquitectos.com\/wp-content\/uploads\/2018\/04\/blog-featured-img-2.1-600x391.jpg 600w, https:\/\/www.hojasarquitectos.com\/wp-content\/uploads\/2018\/04\/blog-featured-img-2.1-400x260.jpg 400w, https:\/\/www.hojasarquitectos.com\/wp-content\/uploads\/2018\/04\/blog-featured-img-2.1-768x500.jpg 768w, https:\/\/www.hojasarquitectos.com\/wp-content\/uploads\/2018\/04\/blog-featured-img-2.1-1536x1000.jpg 1536w, https:\/\/www.hojasarquitectos.com\/wp-content\/uploads\/2018\/04\/blog-featured-img-2.1-18x12.jpg 18w, https:\/\/www.hojasarquitectos.com\/wp-content\/uploads\/2018\/04\/blog-featured-img-2.1-1000x651.jpg 1000w, https:\/\/www.hojasarquitectos.com\/wp-content\/uploads\/2018\/04\/blog-featured-img-2.1-1500x977.jpg 1500w\" sizes=\"auto, (max-width: 1920px) 100vw, 1920px\" \/>\t\t\t\t\t<\/a>\n\t\t\t\t\t<\/div>\n<div itemprop=\"dateCreated\" class=\"eltdf-post-info-date-separated entry-date published updated\">\n            <a itemprop=\"url\" href=\"https:\/\/www.hojasarquitectos.com\/index.php\/2018\/00\/\">\n                        <div class=\"eltdf-post-day\">11<\/div>\n            <div class=\"eltdf-post-month\">abril<\/div>\n        <\/a>\n        <meta itemprop=\"interactionCount\" content=\"UserComments: 3\"\/>\n<\/div>        <div class=\"eltdf-bli-content\">\n                            <div class=\"eltdf-bli-info\">\n\t                \n<div class=\"eltdf-post-info-category\">\n    <a href=\"https:\/\/www.hojasarquitectos.com\/index.php\/diseno-interiores\/\" rel=\"category tag\">Dise\u00f1o de Interiores<\/a>    <!--  need to be here for space between slashes -->\n<\/div><div class=\"eltdf-post-info-author\">\n    <span class=\"eltdf-post-info-author-text\">\n        por    <\/span>\n    <a itemprop=\"author\" class=\"eltdf-post-info-author-link\" href=\"https:\/\/www.hojasarquitectos.com\/index.php\/author\/admin\/\">\n        admin    <\/a>\n<\/div>                <\/div>\n            \t\n\t        \n<h2 itemprop=\"name\" class=\"entry-title eltdf-post-title\" >\n            <a itemprop=\"url\" href=\"https:\/\/www.hojasarquitectos.com\/index.php\/best-interior-design\/\" title=\"Best Interior Design\">\n            Best Interior Design            <\/a>\n    <\/h2>\t\t\t<div class=\"eltdf-separator-holder clearfix   \">\n\t<div class=\"eltdf-separator\" ><\/div>\n<\/div>\n\t\n\t        <div class=\"eltdf-bli-excerpt\">\n\t\t        \t\t<div class=\"eltdf-post-excerpt-holder\">\n\t\t\t<p itemprop=\"description\" class=\"eltdf-post-excerpt\">\n\t\t\t\tAlienum phaedrum torquatos nec eu, vis detraxit periculis in mei. Mei an pericula euripidis, hinc partem ei est. vix aperiri consequat an. vix at, vel pertinax sensibus id, epicurei mea et. Mea facilisis urbanitas moderatius id. Vis ei rationibus definiebas,\t\t\t<\/p>\n\t\t<\/div>\n\t\t\t        \t<div class=\"eltdf-post-read-more-button\">\n\t\t<a itemprop=\"url\" href=\"https:\/\/www.hojasarquitectos.com\/index.php\/best-interior-design\/\" target=\"_self\"  class=\"eltdf-btn eltdf-btn-medium eltdf-btn-simple eltdf-btn-icon eltdf-blog-list-button\"  >    <span class=\"eltdf-btn-text\">Leer m\u00e1s<\/span>    <i class=\"eltdf-icon-ion-icon ion-ios-arrow-right \" ><\/i><\/a>\t<\/div>\n\t        <\/div>\n        <\/div>\n\t<\/div>\n<\/li>\t\t<\/ul>\n\t<\/div>\n\t<\/div>[\/vc_column][\/vc_row]<\/p>\n","protected":false},"excerpt":{"rendered":"<p>[vc_row full_width=\u00bbstretch_row\u00bb css=\u00bb.vc_custom_1689349950640{padding-top: 40px !important;padding-bottom: 40px !important;}\u00bb][vc_column][\/vc_column][\/vc_row][vc_row row_content_width=\u00bbgrid\u00bb content_width=\u00bbgrid\u00bb css=\u00bb.vc_custom_1524057018766{padding-top: 70px !important;padding-bottom: 40px !important;}\u00bb][vc_column][\/vc_column][\/vc_row]<\/p>\n","protected":false},"author":1,"featured_media":0,"parent":0,"menu_order":0,"comment_status":"closed","ping_status":"closed","template":"full-width.php","meta":{"footnotes":""},"class_list":["post-2370","page","type-page","status-publish","hentry"],"yoast_head":"<!-- This site is optimized with the Yoast SEO plugin v27.4 - https:\/\/yoast.com\/product\/yoast-seo-wordpress\/ -->\n<title>Blog<\/title>\n<meta name=\"robots\" content=\"index, follow, max-snippet:-1, max-image-preview:large, max-video-preview:-1\" \/>\n<link rel=\"canonical\" href=\"https:\/\/www.hojasarquitectos.com\/index.php\/blog\/\" \/>\n<meta property=\"og:locale\" content=\"es_ES\" \/>\n<meta property=\"og:type\" content=\"article\" \/>\n<meta property=\"og:title\" content=\"Blog\" \/>\n<meta property=\"og:description\" content=\"[vc_row full_width=\u00bbstretch_row\u00bb css=\u00bb.vc_custom_1689349950640{padding-top: 40px !important;padding-bottom: 40px !important;}\u00bb][vc_column][\/vc_column][\/vc_row][vc_row row_content_width=\u00bbgrid\u00bb content_width=\u00bbgrid\u00bb css=\u00bb.vc_custom_1524057018766{padding-top: 70px !important;padding-bottom: 40px !important;}\u00bb][vc_column][\/vc_column][\/vc_row]\" \/>\n<meta property=\"og:url\" content=\"https:\/\/www.hojasarquitectos.com\/index.php\/blog\/\" \/>\n<meta property=\"og:site_name\" content=\"Hojas Arquitectos\" \/>\n<meta property=\"article:modified_time\" content=\"2024-03-12T16:08:32+00:00\" \/>\n<meta property=\"og:image\" content=\"https:\/\/www.hojasarquitectos.com\/wp-content\/uploads\/2023\/07\/hojas-logo-negro-resplandor.png\" \/>\n\t<meta property=\"og:image:width\" content=\"604\" \/>\n\t<meta property=\"og:image:height\" content=\"400\" \/>\n\t<meta property=\"og:image:type\" content=\"image\/png\" \/>\n<meta name=\"twitter:card\" content=\"summary_large_image\" \/>\n<meta name=\"twitter:label1\" content=\"Tiempo de lectura\" \/>\n\t<meta name=\"twitter:data1\" content=\"1 minuto\" \/>\n<script type=\"application\/ld+json\" class=\"yoast-schema-graph\">{\"@context\":\"https:\\\/\\\/schema.org\",\"@graph\":[{\"@type\":\"WebPage\",\"@id\":\"https:\\\/\\\/www.hojasarquitectos.com\\\/index.php\\\/blog\\\/\",\"url\":\"https:\\\/\\\/www.hojasarquitectos.com\\\/index.php\\\/blog\\\/\",\"name\":\"Blog\",\"isPartOf\":{\"@id\":\"https:\\\/\\\/www.hojasarquitectos.com\\\/#website\"},\"datePublished\":\"2018-04-18T13:01:22+00:00\",\"dateModified\":\"2024-03-12T16:08:32+00:00\",\"breadcrumb\":{\"@id\":\"https:\\\/\\\/www.hojasarquitectos.com\\\/index.php\\\/blog\\\/#breadcrumb\"},\"inLanguage\":\"es\",\"potentialAction\":[{\"@type\":\"ReadAction\",\"target\":[\"https:\\\/\\\/www.hojasarquitectos.com\\\/index.php\\\/blog\\\/\"]}]},{\"@type\":\"BreadcrumbList\",\"@id\":\"https:\\\/\\\/www.hojasarquitectos.com\\\/index.php\\\/blog\\\/#breadcrumb\",\"itemListElement\":[{\"@type\":\"ListItem\",\"position\":1,\"name\":\"Portada\",\"item\":\"https:\\\/\\\/www.hojasarquitectos.com\\\/\"},{\"@type\":\"ListItem\",\"position\":2,\"name\":\"Blog\"}]},{\"@type\":\"WebSite\",\"@id\":\"https:\\\/\\\/www.hojasarquitectos.com\\\/#website\",\"url\":\"https:\\\/\\\/www.hojasarquitectos.com\\\/\",\"name\":\"Hojas Arquitectos\",\"description\":\"Arquitectos especialistas en Villas, construcci&oacute;n de viviendas  y reformas integrales\",\"publisher\":{\"@id\":\"https:\\\/\\\/www.hojasarquitectos.com\\\/#organization\"},\"alternateName\":\"Hojas Arquitectos\",\"potentialAction\":[{\"@type\":\"SearchAction\",\"target\":{\"@type\":\"EntryPoint\",\"urlTemplate\":\"https:\\\/\\\/www.hojasarquitectos.com\\\/?s={search_term_string}\"},\"query-input\":{\"@type\":\"PropertyValueSpecification\",\"valueRequired\":true,\"valueName\":\"search_term_string\"}}],\"inLanguage\":\"es\"},{\"@type\":\"Organization\",\"@id\":\"https:\\\/\\\/www.hojasarquitectos.com\\\/#organization\",\"name\":\"Hojas Arquitectos\",\"alternateName\":\"Estudio de Arquitectura - Hojas Arquitectos\",\"url\":\"https:\\\/\\\/www.hojasarquitectos.com\\\/\",\"logo\":{\"@type\":\"ImageObject\",\"inLanguage\":\"es\",\"@id\":\"https:\\\/\\\/www.hojasarquitectos.com\\\/#\\\/schema\\\/logo\\\/image\\\/\",\"url\":\"https:\\\/\\\/www.hojasarquitectos.com\\\/wp-content\\\/uploads\\\/2023\\\/07\\\/hojas-logo-negro-resplandor.png\",\"contentUrl\":\"https:\\\/\\\/www.hojasarquitectos.com\\\/wp-content\\\/uploads\\\/2023\\\/07\\\/hojas-logo-negro-resplandor.png\",\"width\":604,\"height\":400,\"caption\":\"Hojas Arquitectos\"},\"image\":{\"@id\":\"https:\\\/\\\/www.hojasarquitectos.com\\\/#\\\/schema\\\/logo\\\/image\\\/\"},\"sameAs\":[\"https:\\\/\\\/www.linkedin.com\\\/company\\\/hojas-arquitectos\\\/about\\\/\",\"https:\\\/\\\/www.instagram.com\\\/hojas_arquitectos\\\/\"]}]}<\/script>\n<!-- \/ Yoast SEO plugin. -->","yoast_head_json":{"title":"Blog","robots":{"index":"index","follow":"follow","max-snippet":"max-snippet:-1","max-image-preview":"max-image-preview:large","max-video-preview":"max-video-preview:-1"},"canonical":"https:\/\/www.hojasarquitectos.com\/index.php\/blog\/","og_locale":"es_ES","og_type":"article","og_title":"Blog","og_description":"[vc_row full_width=\u00bbstretch_row\u00bb css=\u00bb.vc_custom_1689349950640{padding-top: 40px !important;padding-bottom: 40px !important;}\u00bb][vc_column][\/vc_column][\/vc_row][vc_row row_content_width=\u00bbgrid\u00bb content_width=\u00bbgrid\u00bb css=\u00bb.vc_custom_1524057018766{padding-top: 70px !important;padding-bottom: 40px !important;}\u00bb][vc_column][\/vc_column][\/vc_row]","og_url":"https:\/\/www.hojasarquitectos.com\/index.php\/blog\/","og_site_name":"Hojas Arquitectos","article_modified_time":"2024-03-12T16:08:32+00:00","og_image":[{"width":604,"height":400,"url":"https:\/\/www.hojasarquitectos.com\/wp-content\/uploads\/2023\/07\/hojas-logo-negro-resplandor.png","type":"image\/png"}],"twitter_card":"summary_large_image","twitter_misc":{"Tiempo de lectura":"1 minuto"},"schema":{"@context":"https:\/\/schema.org","@graph":[{"@type":"WebPage","@id":"https:\/\/www.hojasarquitectos.com\/index.php\/blog\/","url":"https:\/\/www.hojasarquitectos.com\/index.php\/blog\/","name":"Blog","isPartOf":{"@id":"https:\/\/www.hojasarquitectos.com\/#website"},"datePublished":"2018-04-18T13:01:22+00:00","dateModified":"2024-03-12T16:08:32+00:00","breadcrumb":{"@id":"https:\/\/www.hojasarquitectos.com\/index.php\/blog\/#breadcrumb"},"inLanguage":"es","potentialAction":[{"@type":"ReadAction","target":["https:\/\/www.hojasarquitectos.com\/index.php\/blog\/"]}]},{"@type":"BreadcrumbList","@id":"https:\/\/www.hojasarquitectos.com\/index.php\/blog\/#breadcrumb","itemListElement":[{"@type":"ListItem","position":1,"name":"Portada","item":"https:\/\/www.hojasarquitectos.com\/"},{"@type":"ListItem","position":2,"name":"Blog"}]},{"@type":"WebSite","@id":"https:\/\/www.hojasarquitectos.com\/#website","url":"https:\/\/www.hojasarquitectos.com\/","name":"Hojas Arquitectos","description":"Arquitectos especialistas en Villas, construcci&oacute;n de viviendas  y reformas integrales","publisher":{"@id":"https:\/\/www.hojasarquitectos.com\/#organization"},"alternateName":"Hojas Arquitectos","potentialAction":[{"@type":"SearchAction","target":{"@type":"EntryPoint","urlTemplate":"https:\/\/www.hojasarquitectos.com\/?s={search_term_string}"},"query-input":{"@type":"PropertyValueSpecification","valueRequired":true,"valueName":"search_term_string"}}],"inLanguage":"es"},{"@type":"Organization","@id":"https:\/\/www.hojasarquitectos.com\/#organization","name":"Hojas Arquitectos","alternateName":"Estudio de Arquitectura - Hojas Arquitectos","url":"https:\/\/www.hojasarquitectos.com\/","logo":{"@type":"ImageObject","inLanguage":"es","@id":"https:\/\/www.hojasarquitectos.com\/#\/schema\/logo\/image\/","url":"https:\/\/www.hojasarquitectos.com\/wp-content\/uploads\/2023\/07\/hojas-logo-negro-resplandor.png","contentUrl":"https:\/\/www.hojasarquitectos.com\/wp-content\/uploads\/2023\/07\/hojas-logo-negro-resplandor.png","width":604,"height":400,"caption":"Hojas Arquitectos"},"image":{"@id":"https:\/\/www.hojasarquitectos.com\/#\/schema\/logo\/image\/"},"sameAs":["https:\/\/www.linkedin.com\/company\/hojas-arquitectos\/about\/","https:\/\/www.instagram.com\/hojas_arquitectos\/"]}]}},"_links":{"self":[{"href":"https:\/\/www.hojasarquitectos.com\/index.php\/wp-json\/wp\/v2\/pages\/2370","targetHints":{"allow":["GET"]}}],"collection":[{"href":"https:\/\/www.hojasarquitectos.com\/index.php\/wp-json\/wp\/v2\/pages"}],"about":[{"href":"https:\/\/www.hojasarquitectos.com\/index.php\/wp-json\/wp\/v2\/types\/page"}],"author":[{"embeddable":true,"href":"https:\/\/www.hojasarquitectos.com\/index.php\/wp-json\/wp\/v2\/users\/1"}],"replies":[{"embeddable":true,"href":"https:\/\/www.hojasarquitectos.com\/index.php\/wp-json\/wp\/v2\/comments?post=2370"}],"version-history":[{"count":8,"href":"https:\/\/www.hojasarquitectos.com\/index.php\/wp-json\/wp\/v2\/pages\/2370\/revisions"}],"predecessor-version":[{"id":7482,"href":"https:\/\/www.hojasarquitectos.com\/index.php\/wp-json\/wp\/v2\/pages\/2370\/revisions\/7482"}],"wp:attachment":[{"href":"https:\/\/www.hojasarquitectos.com\/index.php\/wp-json\/wp\/v2\/media?parent=2370"}],"curies":[{"name":"wp","href":"https:\/\/api.w.org\/{rel}","templated":true}]}}